{"id":1373,"date":"2020-03-30T23:55:26","date_gmt":"2020-03-30T23:55:26","guid":{"rendered":"http:\/\/autosdelpodio.com\/autos\/?page_id=1373"},"modified":"2020-03-30T23:55:27","modified_gmt":"2020-03-30T23:55:27","slug":"caburador-e-inyeccion","status":"publish","type":"page","link":"https:\/\/autosdelpodio.com\/autos\/caburador-e-inyeccion\/","title":{"rendered":"Caburador e inyecci\u00f3n"},"content":{"rendered":"\n<div class=\"wp-block-image\"><figure class=\"aligncenter size-large\"><img fetchpriority=\"high\" decoding=\"async\" width=\"274\" height=\"184\" src=\"http:\/\/autosdelpodio.com\/autos\/wp-content\/uploads\/2020\/03\/carburadore.jpg\" alt=\"\" class=\"wp-image-1374\"\/><\/figure><\/div>\n\n\n\n<p>Para muchos aun hoy esta la elecci\u00f3n entre carburador e inyecci\u00f3n sigue abierta, y si bien son sistemas distintos, comparten la misma finalidad.<br><br>El carburador es un dispositivo o elemento del auto donde se mezcla el combustible con el aire&nbsp; para prepararlo para la combusti\u00f3n. Este sistema el sistema de carburaci\u00f3n se regula de forma manual (y tambi\u00e9n usando vacuometros).<br><br>La evoluci\u00f3n llev\u00f3 a mejorar lo existente y empez\u00f3 a implementarse desde hace un tiempo a esta parte la inyecci\u00f3n electr\u00f3nica en sus diferentes formas (monopunto, multipunto, secuencial, simult\u00e1nea).<\/p>\n\n\n\n<p>Adem\u00e1s de un tema de ecolog\u00eda, de preservar el medio ambiente al reducir la emisi\u00f3n de gases t\u00f3xicos, dosifica la inyecci\u00f3n del carburante. La reparaci\u00f3n de estos sistemas se limita al reemplazo de los componentes fallados, generalmente los que el diagn\u00f3stico electr\u00f3nico da como defectuosos.<\/p>\n\n\n\n<p>En el parque automotor conviven los dos sistemas, cuando la electr\u00f3nica falla puede que sea mas costosa su reparaci\u00f3n (por log\u00edstica del taller y por mano de obra mas especializada), pero tambi\u00e9n es cierto de que a esta altura ya es muy dificil que falle. El carburador forma parte de la \u201cmec\u00e1nica simple o mas amigable\u201d para los aficionados o hobbistas, que siguen opinando en buena hora en cuanto a r\u00e9gimen de vueltas, afinaci\u00f3n, buj\u00edas y afines.<\/p>\n","protected":false},"excerpt":{"rendered":"<p>Para muchos aun hoy esta la elecci\u00f3n entre carburador e inyecci\u00f3n sigue abierta, y si bien son sistemas distintos, comparten<\/p>\n","protected":false},"author":1,"featured_media":0,"parent":0,"menu_order":0,"comment_status":"closed","ping_status":"closed","template":"","meta":{"colormag_page_container_layout":"default_layout","colormag_page_sidebar_layout":"default_layout","footnotes":""},"class_list":["post-1373","page","type-page","status-publish","hentry"],"yoast_head":"<!-- This site is optimized with the Yoast SEO plugin v27.5 - https:\/\/yoast.com\/product\/yoast-seo-wordpress\/ -->\n<title>Caburador e inyecci\u00f3n | Autos del Podio<\/title>\n<meta name=\"robots\" content=\"noindex, follow\" \/>\n<meta property=\"og:locale\" content=\"es_ES\" \/>\n<meta property=\"og:type\" content=\"article\" \/>\n<meta property=\"og:title\" content=\"Caburador e inyecci\u00f3n | Autos del Podio\" \/>\n<meta property=\"og:description\" content=\"Para muchos aun hoy esta la elecci\u00f3n entre carburador e inyecci\u00f3n sigue abierta, y si bien son sistemas distintos, comparten\" \/>\n<meta property=\"og:url\" content=\"http:\/\/autosdelpodio.com\/autos\/caburador-e-inyeccion\/\" \/>\n<meta property=\"og:site_name\" content=\"Autos del Podio\" \/>\n<meta property=\"article:publisher\" content=\"https:\/\/www.facebook.com\/profile.php?id=100057192590976&amp;amp%3bamp%3bamp%3bamp%3bamp%3bamp%3bamp%3bamp%3bamp%3bamp%3bamp%3bamp%3bamp%3bamp%3bamp%3bamp%3bamp%3bamp%3bref=ts\" \/>\n<meta property=\"article:modified_time\" content=\"2020-03-30T23:55:27+00:00\" \/>\n<meta property=\"og:image\" content=\"http:\/\/autosdelpodio.com\/autos\/wp-content\/uploads\/2020\/03\/carburadore.jpg\" \/>\n<meta name=\"twitter:card\" content=\"summary_large_image\" \/>\n<meta name=\"twitter:site\" content=\"@autosdelpodio\" \/>\n<meta name=\"twitter:label1\" content=\"Tiempo de lectura\" \/>\n\t<meta name=\"twitter:data1\" content=\"1 minuto\" \/>\n<script type=\"application\/ld+json\" class=\"yoast-schema-graph\">{\"@context\":\"https:\\\/\\\/schema.org\",\"@graph\":[{\"@type\":\"WebPage\",\"@id\":\"http:\\\/\\\/autosdelpodio.com\\\/autos\\\/caburador-e-inyeccion\\\/\",\"url\":\"http:\\\/\\\/autosdelpodio.com\\\/autos\\\/caburador-e-inyeccion\\\/\",\"name\":\"Caburador e inyecci\u00f3n | Autos del Podio\",\"isPartOf\":{\"@id\":\"http:\\\/\\\/autosdelpodio.com\\\/autos\\\/#website\"},\"primaryImageOfPage\":{\"@id\":\"http:\\\/\\\/autosdelpodio.com\\\/autos\\\/caburador-e-inyeccion\\\/#primaryimage\"},\"image\":{\"@id\":\"http:\\\/\\\/autosdelpodio.com\\\/autos\\\/caburador-e-inyeccion\\\/#primaryimage\"},\"thumbnailUrl\":\"http:\\\/\\\/autosdelpodio.com\\\/autos\\\/wp-content\\\/uploads\\\/2020\\\/03\\\/carburadore.jpg\",\"datePublished\":\"2020-03-30T23:55:26+00:00\",\"dateModified\":\"2020-03-30T23:55:27+00:00\",\"breadcrumb\":{\"@id\":\"http:\\\/\\\/autosdelpodio.com\\\/autos\\\/caburador-e-inyeccion\\\/#breadcrumb\"},\"inLanguage\":\"es\",\"potentialAction\":[{\"@type\":\"ReadAction\",\"target\":[\"http:\\\/\\\/autosdelpodio.com\\\/autos\\\/caburador-e-inyeccion\\\/\"]}]},{\"@type\":\"ImageObject\",\"inLanguage\":\"es\",\"@id\":\"http:\\\/\\\/autosdelpodio.com\\\/autos\\\/caburador-e-inyeccion\\\/#primaryimage\",\"url\":\"https:\\\/\\\/autosdelpodio.com\\\/autos\\\/wp-content\\\/uploads\\\/2020\\\/03\\\/carburadore.jpg\",\"contentUrl\":\"https:\\\/\\\/autosdelpodio.com\\\/autos\\\/wp-content\\\/uploads\\\/2020\\\/03\\\/carburadore.jpg\",\"width\":274,\"height\":184},{\"@type\":\"BreadcrumbList\",\"@id\":\"http:\\\/\\\/autosdelpodio.com\\\/autos\\\/caburador-e-inyeccion\\\/#breadcrumb\",\"itemListElement\":[{\"@type\":\"ListItem\",\"position\":1,\"name\":\"Portada\",\"item\":\"http:\\\/\\\/autosdelpodio.com\\\/autos\\\/\"},{\"@type\":\"ListItem\",\"position\":2,\"name\":\"Caburador e inyecci\u00f3n\"}]},{\"@type\":\"WebSite\",\"@id\":\"http:\\\/\\\/autosdelpodio.com\\\/autos\\\/#website\",\"url\":\"http:\\\/\\\/autosdelpodio.com\\\/autos\\\/\",\"name\":\"Autos del Podio\",\"description\":\"La sexta del deporte motor\",\"publisher\":{\"@id\":\"http:\\\/\\\/autosdelpodio.com\\\/autos\\\/#organization\"},\"potentialAction\":[{\"@type\":\"SearchAction\",\"target\":{\"@type\":\"EntryPoint\",\"urlTemplate\":\"http:\\\/\\\/autosdelpodio.com\\\/autos\\\/?s={search_term_string}\"},\"query-input\":{\"@type\":\"PropertyValueSpecification\",\"valueRequired\":true,\"valueName\":\"search_term_string\"}}],\"inLanguage\":\"es\"},{\"@type\":\"Organization\",\"@id\":\"http:\\\/\\\/autosdelpodio.com\\\/autos\\\/#organization\",\"name\":\"Autos del Podio\",\"url\":\"http:\\\/\\\/autosdelpodio.com\\\/autos\\\/\",\"logo\":{\"@type\":\"ImageObject\",\"inLanguage\":\"es\",\"@id\":\"http:\\\/\\\/autosdelpodio.com\\\/autos\\\/#\\\/schema\\\/logo\\\/image\\\/\",\"url\":\"http:\\\/\\\/autosdelpodio.com\\\/autos\\\/wp-content\\\/uploads\\\/2020\\\/08\\\/Logo_AR.jpg\",\"contentUrl\":\"http:\\\/\\\/autosdelpodio.com\\\/autos\\\/wp-content\\\/uploads\\\/2020\\\/08\\\/Logo_AR.jpg\",\"width\":1038,\"height\":1044,\"caption\":\"Autos del Podio\"},\"image\":{\"@id\":\"http:\\\/\\\/autosdelpodio.com\\\/autos\\\/#\\\/schema\\\/logo\\\/image\\\/\"},\"sameAs\":[\"https:\\\/\\\/www.facebook.com\\\/profile.php?id=100057192590976&amp;amp;amp;amp;amp;amp;amp;amp;amp;amp;amp;amp;amp;amp;amp;amp;amp;amp;ref=ts\",\"https:\\\/\\\/x.com\\\/autosdelpodio\",\"https:\\\/\\\/www.youtube.com\\\/user\\\/AutosdelPodio\"]}]}<\/script>\n<!-- \/ Yoast SEO plugin. -->","yoast_head_json":{"title":"Caburador e inyecci\u00f3n | Autos del Podio","robots":{"index":"noindex","follow":"follow"},"og_locale":"es_ES","og_type":"article","og_title":"Caburador e inyecci\u00f3n | Autos del Podio","og_description":"Para muchos aun hoy esta la elecci\u00f3n entre carburador e inyecci\u00f3n sigue abierta, y si bien son sistemas distintos, comparten","og_url":"http:\/\/autosdelpodio.com\/autos\/caburador-e-inyeccion\/","og_site_name":"Autos del Podio","article_publisher":"https:\/\/www.facebook.com\/profile.php?id=100057192590976&amp%3bamp%3bamp%3bamp%3bamp%3bamp%3bamp%3bamp%3bamp%3bamp%3bamp%3bamp%3bamp%3bamp%3bamp%3bamp%3bamp%3bamp%3bref=ts","article_modified_time":"2020-03-30T23:55:27+00:00","og_image":[{"url":"http:\/\/autosdelpodio.com\/autos\/wp-content\/uploads\/2020\/03\/carburadore.jpg","type":"","width":"","height":""}],"twitter_card":"summary_large_image","twitter_site":"@autosdelpodio","twitter_misc":{"Tiempo de lectura":"1 minuto"},"schema":{"@context":"https:\/\/schema.org","@graph":[{"@type":"WebPage","@id":"http:\/\/autosdelpodio.com\/autos\/caburador-e-inyeccion\/","url":"http:\/\/autosdelpodio.com\/autos\/caburador-e-inyeccion\/","name":"Caburador e inyecci\u00f3n | Autos del Podio","isPartOf":{"@id":"http:\/\/autosdelpodio.com\/autos\/#website"},"primaryImageOfPage":{"@id":"http:\/\/autosdelpodio.com\/autos\/caburador-e-inyeccion\/#primaryimage"},"image":{"@id":"http:\/\/autosdelpodio.com\/autos\/caburador-e-inyeccion\/#primaryimage"},"thumbnailUrl":"http:\/\/autosdelpodio.com\/autos\/wp-content\/uploads\/2020\/03\/carburadore.jpg","datePublished":"2020-03-30T23:55:26+00:00","dateModified":"2020-03-30T23:55:27+00:00","breadcrumb":{"@id":"http:\/\/autosdelpodio.com\/autos\/caburador-e-inyeccion\/#breadcrumb"},"inLanguage":"es","potentialAction":[{"@type":"ReadAction","target":["http:\/\/autosdelpodio.com\/autos\/caburador-e-inyeccion\/"]}]},{"@type":"ImageObject","inLanguage":"es","@id":"http:\/\/autosdelpodio.com\/autos\/caburador-e-inyeccion\/#primaryimage","url":"https:\/\/autosdelpodio.com\/autos\/wp-content\/uploads\/2020\/03\/carburadore.jpg","contentUrl":"https:\/\/autosdelpodio.com\/autos\/wp-content\/uploads\/2020\/03\/carburadore.jpg","width":274,"height":184},{"@type":"BreadcrumbList","@id":"http:\/\/autosdelpodio.com\/autos\/caburador-e-inyeccion\/#breadcrumb","itemListElement":[{"@type":"ListItem","position":1,"name":"Portada","item":"http:\/\/autosdelpodio.com\/autos\/"},{"@type":"ListItem","position":2,"name":"Caburador e inyecci\u00f3n"}]},{"@type":"WebSite","@id":"http:\/\/autosdelpodio.com\/autos\/#website","url":"http:\/\/autosdelpodio.com\/autos\/","name":"Autos del Podio","description":"La sexta del deporte motor","publisher":{"@id":"http:\/\/autosdelpodio.com\/autos\/#organization"},"potentialAction":[{"@type":"SearchAction","target":{"@type":"EntryPoint","urlTemplate":"http:\/\/autosdelpodio.com\/autos\/?s={search_term_string}"},"query-input":{"@type":"PropertyValueSpecification","valueRequired":true,"valueName":"search_term_string"}}],"inLanguage":"es"},{"@type":"Organization","@id":"http:\/\/autosdelpodio.com\/autos\/#organization","name":"Autos del Podio","url":"http:\/\/autosdelpodio.com\/autos\/","logo":{"@type":"ImageObject","inLanguage":"es","@id":"http:\/\/autosdelpodio.com\/autos\/#\/schema\/logo\/image\/","url":"http:\/\/autosdelpodio.com\/autos\/wp-content\/uploads\/2020\/08\/Logo_AR.jpg","contentUrl":"http:\/\/autosdelpodio.com\/autos\/wp-content\/uploads\/2020\/08\/Logo_AR.jpg","width":1038,"height":1044,"caption":"Autos del Podio"},"image":{"@id":"http:\/\/autosdelpodio.com\/autos\/#\/schema\/logo\/image\/"},"sameAs":["https:\/\/www.facebook.com\/profile.php?id=100057192590976&amp;amp;amp;amp;amp;amp;amp;amp;amp;amp;amp;amp;amp;amp;amp;amp;amp;amp;ref=ts","https:\/\/x.com\/autosdelpodio","https:\/\/www.youtube.com\/user\/AutosdelPodio"]}]}},"_links":{"self":[{"href":"https:\/\/autosdelpodio.com\/autos\/wp-json\/wp\/v2\/pages\/1373","targetHints":{"allow":["GET"]}}],"collection":[{"href":"https:\/\/autosdelpodio.com\/autos\/wp-json\/wp\/v2\/pages"}],"about":[{"href":"https:\/\/autosdelpodio.com\/autos\/wp-json\/wp\/v2\/types\/page"}],"author":[{"embeddable":true,"href":"https:\/\/autosdelpodio.com\/autos\/wp-json\/wp\/v2\/users\/1"}],"replies":[{"embeddable":true,"href":"https:\/\/autosdelpodio.com\/autos\/wp-json\/wp\/v2\/comments?post=1373"}],"version-history":[{"count":1,"href":"https:\/\/autosdelpodio.com\/autos\/wp-json\/wp\/v2\/pages\/1373\/revisions"}],"predecessor-version":[{"id":1375,"href":"https:\/\/autosdelpodio.com\/autos\/wp-json\/wp\/v2\/pages\/1373\/revisions\/1375"}],"wp:attachment":[{"href":"https:\/\/autosdelpodio.com\/autos\/wp-json\/wp\/v2\/media?parent=1373"}],"curies":[{"name":"wp","href":"https:\/\/api.w.org\/{rel}","templated":true}]}}