{"id":1400,"date":"2020-03-31T00:01:40","date_gmt":"2020-03-31T00:01:40","guid":{"rendered":"http:\/\/autosdelpodio.com\/autos\/?page_id=1400"},"modified":"2020-03-31T00:01:41","modified_gmt":"2020-03-31T00:01:41","slug":"lubricantes","status":"publish","type":"page","link":"https:\/\/autosdelpodio.com\/autos\/lubricantes\/","title":{"rendered":"Lubricantes"},"content":{"rendered":"\n<figure class=\"wp-block-image size-large\"><img fetchpriority=\"high\" decoding=\"async\" width=\"274\" height=\"184\" src=\"http:\/\/autosdelpodio.com\/autos\/wp-content\/uploads\/2020\/03\/lubricantes.jpg\" alt=\"\" class=\"wp-image-1401\"\/><\/figure>\n\n\n\n<p>La lubricaci\u00f3n tiene como premisa fundamental soportar una carga deslizante con una pel\u00edcula reductora de fricci\u00f3n. Los productos derivados del petr\u00f3leo son ideales para la lograr la lubricaci\u00f3n (Lubricantes) entre dos piezas, formando una pel\u00edcula que impide su contacto y permitiendo su movimiento incluso a elevadas temperaturas y presiones.<\/p>\n\n\n\n<p>Debido a la diversidad de tipos y dise\u00f1os de motores que hay en el mercado, y conociendo la importancia de un lubricante en la vida \u00fatil de los elementos que lo componen, se han desarrollados diferentes tipos. Algunos de ellos tienen m\u00faltiples funciones y otros, en cambio, se destinan a espec\u00edficas.<\/p>\n\n\n\n<p>Definimos a la viscosidad cinem\u00e1tica como la resistencia a fluir que tiene un aceite; los productos de petr\u00f3leo pueden ser elaborados en las viscosidades apropiadas (cuerpo, espesor, etc.) para la aplicaci\u00f3n requerida.<\/p>\n\n\n\n<p>Comercialmente la viscosidad viene indicada con un n\u00famero, acompa\u00f1ando el nombre del producto. La sigla SAE (Sociedad de Ingenieros Automotrices\/ Society of Automotive Enginners) es la que nuclea los aceites automotrices.<\/p>\n\n\n\n<p>El lubricante adecuado para cada veh\u00edculo es aquel que cumple con las normas de viscosidad y calidad recomendadas por el fabricante.<\/p>\n\n\n\n<p>Un mito que es com\u00fan escuchar es que los aceites de marcas o tipos diferentes no se cortan al mezclarse. Si bien se recomienda agregar aceite lubricante de igual marca y proceso durante su vida \u00fatil, vale aclarar que no se produce ninguna reacci\u00f3n qu\u00edmica contradictoria caso contrario.<\/p>\n\n\n\n<p>Tampoco el aceite \u201cgrueso\u201d o con m\u00e1s cuerpo es necesariamente mejor. Un buen lubricante trae todo lo que se necesita en su propio envase, por lo tanto no es necesario agregarle aditivos.<\/p>\n\n\n\n<p>Algunos aditivos que contienen son, por ejemplo, agentes antidesgaste, agentes de extrema presion, detergentes, dispersantes, antioxidantes, mejoradotes de viscosidad, etc.<\/p>\n\n\n\n<p>El nivel de aceite hay que mantenerlo y verificarlo peri\u00f3dicamente, respetando los cambios, utilizar el lubricante adecuado seg\u00fan viscosidad, y al momento de usar el auto tratar de evitar reiterados arranques y detenciones, sin sobrecargarlo ni recalentarlo.<\/p>\n","protected":false},"excerpt":{"rendered":"<p>La lubricaci\u00f3n tiene como premisa fundamental soportar una carga deslizante con una pel\u00edcula reductora de fricci\u00f3n. Los productos derivados del<\/p>\n","protected":false},"author":1,"featured_media":0,"parent":0,"menu_order":0,"comment_status":"closed","ping_status":"closed","template":"","meta":{"colormag_page_container_layout":"default_layout","colormag_page_sidebar_layout":"default_layout","footnotes":""},"class_list":["post-1400","page","type-page","status-publish","hentry"],"yoast_head":"<!-- This site is optimized with the Yoast SEO plugin v27.5 - https:\/\/yoast.com\/product\/yoast-seo-wordpress\/ -->\n<title>Lubricantes | Autos del Podio<\/title>\n<meta name=\"robots\" content=\"noindex, follow\" \/>\n<meta property=\"og:locale\" content=\"es_ES\" \/>\n<meta property=\"og:type\" content=\"article\" \/>\n<meta property=\"og:title\" content=\"Lubricantes | Autos del Podio\" \/>\n<meta property=\"og:description\" content=\"La lubricaci\u00f3n tiene como premisa fundamental soportar una carga deslizante con una pel\u00edcula reductora de fricci\u00f3n. Los productos derivados del\" \/>\n<meta property=\"og:url\" content=\"http:\/\/autosdelpodio.com\/autos\/lubricantes\/\" \/>\n<meta property=\"og:site_name\" content=\"Autos del Podio\" \/>\n<meta property=\"article:publisher\" content=\"https:\/\/www.facebook.com\/profile.php?id=100057192590976&amp;amp%3bamp%3bamp%3bamp%3bamp%3bamp%3bamp%3bamp%3bamp%3bamp%3bamp%3bamp%3bamp%3bamp%3bamp%3bamp%3bamp%3bamp%3bref=ts\" \/>\n<meta property=\"article:modified_time\" content=\"2020-03-31T00:01:41+00:00\" \/>\n<meta property=\"og:image\" content=\"http:\/\/autosdelpodio.com\/autos\/wp-content\/uploads\/2020\/03\/lubricantes.jpg\" \/>\n<meta name=\"twitter:card\" content=\"summary_large_image\" \/>\n<meta name=\"twitter:site\" content=\"@autosdelpodio\" \/>\n<meta name=\"twitter:label1\" content=\"Tiempo de lectura\" \/>\n\t<meta name=\"twitter:data1\" content=\"2 minutos\" \/>\n<script type=\"application\/ld+json\" class=\"yoast-schema-graph\">{\"@context\":\"https:\\\/\\\/schema.org\",\"@graph\":[{\"@type\":\"WebPage\",\"@id\":\"http:\\\/\\\/autosdelpodio.com\\\/autos\\\/lubricantes\\\/\",\"url\":\"http:\\\/\\\/autosdelpodio.com\\\/autos\\\/lubricantes\\\/\",\"name\":\"Lubricantes | Autos del Podio\",\"isPartOf\":{\"@id\":\"http:\\\/\\\/autosdelpodio.com\\\/autos\\\/#website\"},\"primaryImageOfPage\":{\"@id\":\"http:\\\/\\\/autosdelpodio.com\\\/autos\\\/lubricantes\\\/#primaryimage\"},\"image\":{\"@id\":\"http:\\\/\\\/autosdelpodio.com\\\/autos\\\/lubricantes\\\/#primaryimage\"},\"thumbnailUrl\":\"http:\\\/\\\/autosdelpodio.com\\\/autos\\\/wp-content\\\/uploads\\\/2020\\\/03\\\/lubricantes.jpg\",\"datePublished\":\"2020-03-31T00:01:40+00:00\",\"dateModified\":\"2020-03-31T00:01:41+00:00\",\"breadcrumb\":{\"@id\":\"http:\\\/\\\/autosdelpodio.com\\\/autos\\\/lubricantes\\\/#breadcrumb\"},\"inLanguage\":\"es\",\"potentialAction\":[{\"@type\":\"ReadAction\",\"target\":[\"http:\\\/\\\/autosdelpodio.com\\\/autos\\\/lubricantes\\\/\"]}]},{\"@type\":\"ImageObject\",\"inLanguage\":\"es\",\"@id\":\"http:\\\/\\\/autosdelpodio.com\\\/autos\\\/lubricantes\\\/#primaryimage\",\"url\":\"https:\\\/\\\/autosdelpodio.com\\\/autos\\\/wp-content\\\/uploads\\\/2020\\\/03\\\/lubricantes.jpg\",\"contentUrl\":\"https:\\\/\\\/autosdelpodio.com\\\/autos\\\/wp-content\\\/uploads\\\/2020\\\/03\\\/lubricantes.jpg\",\"width\":274,\"height\":184},{\"@type\":\"BreadcrumbList\",\"@id\":\"http:\\\/\\\/autosdelpodio.com\\\/autos\\\/lubricantes\\\/#breadcrumb\",\"itemListElement\":[{\"@type\":\"ListItem\",\"position\":1,\"name\":\"Portada\",\"item\":\"http:\\\/\\\/autosdelpodio.com\\\/autos\\\/\"},{\"@type\":\"ListItem\",\"position\":2,\"name\":\"Lubricantes\"}]},{\"@type\":\"WebSite\",\"@id\":\"http:\\\/\\\/autosdelpodio.com\\\/autos\\\/#website\",\"url\":\"http:\\\/\\\/autosdelpodio.com\\\/autos\\\/\",\"name\":\"Autos del Podio\",\"description\":\"La sexta del deporte motor\",\"publisher\":{\"@id\":\"http:\\\/\\\/autosdelpodio.com\\\/autos\\\/#organization\"},\"potentialAction\":[{\"@type\":\"SearchAction\",\"target\":{\"@type\":\"EntryPoint\",\"urlTemplate\":\"http:\\\/\\\/autosdelpodio.com\\\/autos\\\/?s={search_term_string}\"},\"query-input\":{\"@type\":\"PropertyValueSpecification\",\"valueRequired\":true,\"valueName\":\"search_term_string\"}}],\"inLanguage\":\"es\"},{\"@type\":\"Organization\",\"@id\":\"http:\\\/\\\/autosdelpodio.com\\\/autos\\\/#organization\",\"name\":\"Autos del Podio\",\"url\":\"http:\\\/\\\/autosdelpodio.com\\\/autos\\\/\",\"logo\":{\"@type\":\"ImageObject\",\"inLanguage\":\"es\",\"@id\":\"http:\\\/\\\/autosdelpodio.com\\\/autos\\\/#\\\/schema\\\/logo\\\/image\\\/\",\"url\":\"http:\\\/\\\/autosdelpodio.com\\\/autos\\\/wp-content\\\/uploads\\\/2020\\\/08\\\/Logo_AR.jpg\",\"contentUrl\":\"http:\\\/\\\/autosdelpodio.com\\\/autos\\\/wp-content\\\/uploads\\\/2020\\\/08\\\/Logo_AR.jpg\",\"width\":1038,\"height\":1044,\"caption\":\"Autos del Podio\"},\"image\":{\"@id\":\"http:\\\/\\\/autosdelpodio.com\\\/autos\\\/#\\\/schema\\\/logo\\\/image\\\/\"},\"sameAs\":[\"https:\\\/\\\/www.facebook.com\\\/profile.php?id=100057192590976&amp;amp;amp;amp;amp;amp;amp;amp;amp;amp;amp;amp;amp;amp;amp;amp;amp;amp;ref=ts\",\"https:\\\/\\\/x.com\\\/autosdelpodio\",\"https:\\\/\\\/www.youtube.com\\\/user\\\/AutosdelPodio\"]}]}<\/script>\n<!-- \/ Yoast SEO plugin. -->","yoast_head_json":{"title":"Lubricantes | Autos del Podio","robots":{"index":"noindex","follow":"follow"},"og_locale":"es_ES","og_type":"article","og_title":"Lubricantes | Autos del Podio","og_description":"La lubricaci\u00f3n tiene como premisa fundamental soportar una carga deslizante con una pel\u00edcula reductora de fricci\u00f3n. Los productos derivados del","og_url":"http:\/\/autosdelpodio.com\/autos\/lubricantes\/","og_site_name":"Autos del Podio","article_publisher":"https:\/\/www.facebook.com\/profile.php?id=100057192590976&amp%3bamp%3bamp%3bamp%3bamp%3bamp%3bamp%3bamp%3bamp%3bamp%3bamp%3bamp%3bamp%3bamp%3bamp%3bamp%3bamp%3bamp%3bref=ts","article_modified_time":"2020-03-31T00:01:41+00:00","og_image":[{"url":"http:\/\/autosdelpodio.com\/autos\/wp-content\/uploads\/2020\/03\/lubricantes.jpg","type":"","width":"","height":""}],"twitter_card":"summary_large_image","twitter_site":"@autosdelpodio","twitter_misc":{"Tiempo de lectura":"2 minutos"},"schema":{"@context":"https:\/\/schema.org","@graph":[{"@type":"WebPage","@id":"http:\/\/autosdelpodio.com\/autos\/lubricantes\/","url":"http:\/\/autosdelpodio.com\/autos\/lubricantes\/","name":"Lubricantes | Autos del Podio","isPartOf":{"@id":"http:\/\/autosdelpodio.com\/autos\/#website"},"primaryImageOfPage":{"@id":"http:\/\/autosdelpodio.com\/autos\/lubricantes\/#primaryimage"},"image":{"@id":"http:\/\/autosdelpodio.com\/autos\/lubricantes\/#primaryimage"},"thumbnailUrl":"http:\/\/autosdelpodio.com\/autos\/wp-content\/uploads\/2020\/03\/lubricantes.jpg","datePublished":"2020-03-31T00:01:40+00:00","dateModified":"2020-03-31T00:01:41+00:00","breadcrumb":{"@id":"http:\/\/autosdelpodio.com\/autos\/lubricantes\/#breadcrumb"},"inLanguage":"es","potentialAction":[{"@type":"ReadAction","target":["http:\/\/autosdelpodio.com\/autos\/lubricantes\/"]}]},{"@type":"ImageObject","inLanguage":"es","@id":"http:\/\/autosdelpodio.com\/autos\/lubricantes\/#primaryimage","url":"https:\/\/autosdelpodio.com\/autos\/wp-content\/uploads\/2020\/03\/lubricantes.jpg","contentUrl":"https:\/\/autosdelpodio.com\/autos\/wp-content\/uploads\/2020\/03\/lubricantes.jpg","width":274,"height":184},{"@type":"BreadcrumbList","@id":"http:\/\/autosdelpodio.com\/autos\/lubricantes\/#breadcrumb","itemListElement":[{"@type":"ListItem","position":1,"name":"Portada","item":"http:\/\/autosdelpodio.com\/autos\/"},{"@type":"ListItem","position":2,"name":"Lubricantes"}]},{"@type":"WebSite","@id":"http:\/\/autosdelpodio.com\/autos\/#website","url":"http:\/\/autosdelpodio.com\/autos\/","name":"Autos del Podio","description":"La sexta del deporte motor","publisher":{"@id":"http:\/\/autosdelpodio.com\/autos\/#organization"},"potentialAction":[{"@type":"SearchAction","target":{"@type":"EntryPoint","urlTemplate":"http:\/\/autosdelpodio.com\/autos\/?s={search_term_string}"},"query-input":{"@type":"PropertyValueSpecification","valueRequired":true,"valueName":"search_term_string"}}],"inLanguage":"es"},{"@type":"Organization","@id":"http:\/\/autosdelpodio.com\/autos\/#organization","name":"Autos del Podio","url":"http:\/\/autosdelpodio.com\/autos\/","logo":{"@type":"ImageObject","inLanguage":"es","@id":"http:\/\/autosdelpodio.com\/autos\/#\/schema\/logo\/image\/","url":"http:\/\/autosdelpodio.com\/autos\/wp-content\/uploads\/2020\/08\/Logo_AR.jpg","contentUrl":"http:\/\/autosdelpodio.com\/autos\/wp-content\/uploads\/2020\/08\/Logo_AR.jpg","width":1038,"height":1044,"caption":"Autos del Podio"},"image":{"@id":"http:\/\/autosdelpodio.com\/autos\/#\/schema\/logo\/image\/"},"sameAs":["https:\/\/www.facebook.com\/profile.php?id=100057192590976&amp;amp;amp;amp;amp;amp;amp;amp;amp;amp;amp;amp;amp;amp;amp;amp;amp;amp;ref=ts","https:\/\/x.com\/autosdelpodio","https:\/\/www.youtube.com\/user\/AutosdelPodio"]}]}},"_links":{"self":[{"href":"https:\/\/autosdelpodio.com\/autos\/wp-json\/wp\/v2\/pages\/1400","targetHints":{"allow":["GET"]}}],"collection":[{"href":"https:\/\/autosdelpodio.com\/autos\/wp-json\/wp\/v2\/pages"}],"about":[{"href":"https:\/\/autosdelpodio.com\/autos\/wp-json\/wp\/v2\/types\/page"}],"author":[{"embeddable":true,"href":"https:\/\/autosdelpodio.com\/autos\/wp-json\/wp\/v2\/users\/1"}],"replies":[{"embeddable":true,"href":"https:\/\/autosdelpodio.com\/autos\/wp-json\/wp\/v2\/comments?post=1400"}],"version-history":[{"count":1,"href":"https:\/\/autosdelpodio.com\/autos\/wp-json\/wp\/v2\/pages\/1400\/revisions"}],"predecessor-version":[{"id":1402,"href":"https:\/\/autosdelpodio.com\/autos\/wp-json\/wp\/v2\/pages\/1400\/revisions\/1402"}],"wp:attachment":[{"href":"https:\/\/autosdelpodio.com\/autos\/wp-json\/wp\/v2\/media?parent=1400"}],"curies":[{"name":"wp","href":"https:\/\/api.w.org\/{rel}","templated":true}]}}